{"id":37,"date":"2025-11-20T13:07:10","date_gmt":"2025-11-20T10:07:10","guid":{"rendered":"http:\/\/localhost\/cm_doublehair\/?page_id=37"},"modified":"2025-11-26T10:22:22","modified_gmt":"2025-11-26T07:22:22","slug":"hakkimda","status":"publish","type":"page","link":"https:\/\/www.doublehairnetherlands.com\/tr\/hakkimda\/","title":{"rendered":"Hakk\u0131mda"},"content":{"rendered":"<p data-start=\"19\" data-end=\"333\">Double Hair Netherlands, 2021 y\u0131l\u0131ndan beri Hollanda\u2019da faaliyet g\u00f6steren ve sa\u00e7 ekimi alan\u0131nda g\u00fcvenilir bir uzman haline gelen bir merkezdir. Sa\u00e7\u0131n sadece g\u00f6r\u00fcn\u00fc\u015ften ibaret olmad\u0131\u011f\u0131n\u0131 d\u00fc\u015f\u00fcn\u00fcyoruz. Sa\u00e7, \u00f6zg\u00fcveni, ki\u015fisel kimli\u011fi ve i\u00e7sel g\u00fcc\u00fc temsil eder. Amac\u0131m\u0131z, bu duyguyu her dan\u0131\u015fana yeniden kazand\u0131rmakt\u0131r.<\/p>\n<p data-start=\"335\" data-end=\"512\">En g\u00fcncel tekniklerle sa\u00e7, sakal ve ka\u015f ekimi hizmetleri sunuyoruz. Sapphire FUE ve DHI y\u00f6ntemleri do\u011fal sonu\u00e7lar\u0131, k\u0131sa iyile\u015fme s\u00fcresi ve y\u00fcksek konfor sa\u011flamas\u0131yla \u00f6ne \u00e7\u0131kar.<\/p>\n<p data-start=\"514\" data-end=\"750\">Ekibimiz deneyimli sa\u00e7 uzmanlar\u0131ndan ve BIG kay\u0131tl\u0131 bir doktordan olu\u015fur. Bu sayede her i\u015flem, y\u00fcksek uzmanl\u0131k, g\u00fcvenlik ve \u00f6zenle uygulan\u0131r. Her zaman beklentilerinizi dinler, ki\u015fisel ihtiya\u00e7lar\u0131n\u0131za uygun bir tedavi plan\u0131 olu\u015ftururuz.<\/p>\n<p data-start=\"752\" data-end=\"954\">Double Hair Netherlands i\u00e7in kalite, g\u00fcvenlik ve memnuniyet en \u00f6nemli de\u011ferlerdir. Amac\u0131m\u0131z, yaln\u0131zca g\u00f6r\u00fcnen bir de\u011fi\u015fim de\u011fil, ayn\u0131 zamanda hissedilen ve \u00f6zg\u00fcveni art\u0131ran yeni bir ba\u015flang\u0131\u00e7 sunmakt\u0131r.<\/p>\n","protected":false},"excerpt":{"rendered":"<p>Double Hair Netherlands, 2021 y\u0131l\u0131ndan beri Hollanda\u2019da faaliyet g\u00f6steren ve sa\u00e7 ekimi alan\u0131nda g\u00fcvenilir bir uzman haline gelen bir merkezdir. Sa\u00e7\u0131n sadece g\u00f6r\u00fcn\u00fc\u015ften ibaret olmad\u0131\u011f\u0131n\u0131 d\u00fc\u015f\u00fcn\u00fcyoruz. Sa\u00e7, \u00f6zg\u00fcveni, ki\u015fisel kimli\u011fi ve i\u00e7sel g\u00fcc\u00fc temsil eder. Amac\u0131m\u0131z, bu duyguyu her dan\u0131\u015fana yeniden kazand\u0131rmakt\u0131r. En g\u00fcncel tekniklerle sa\u00e7, sakal ve ka\u015f ekimi hizmetleri sunuyoruz. Sapphire FUE ve [&hellip;]<\/p>\n","protected":false},"author":1,"featured_media":0,"parent":0,"menu_order":0,"comment_status":"closed","ping_status":"closed","template":"","meta":{"footnotes":""},"class_list":["post-37","page","type-page","status-publish","hentry"],"_links":{"self":[{"href":"https:\/\/www.doublehairnetherlands.com\/tr\/wp-json\/wp\/v2\/pages\/37","targetHints":{"allow":["GET"]}}],"collection":[{"href":"https:\/\/www.doublehairnetherlands.com\/tr\/wp-json\/wp\/v2\/pages"}],"about":[{"href":"https:\/\/www.doublehairnetherlands.com\/tr\/wp-json\/wp\/v2\/types\/page"}],"author":[{"embeddable":true,"href":"https:\/\/www.doublehairnetherlands.com\/tr\/wp-json\/wp\/v2\/users\/1"}],"replies":[{"embeddable":true,"href":"https:\/\/www.doublehairnetherlands.com\/tr\/wp-json\/wp\/v2\/comments?post=37"}],"version-history":[{"count":2,"href":"https:\/\/www.doublehairnetherlands.com\/tr\/wp-json\/wp\/v2\/pages\/37\/revisions"}],"predecessor-version":[{"id":461,"href":"https:\/\/www.doublehairnetherlands.com\/tr\/wp-json\/wp\/v2\/pages\/37\/revisions\/461"}],"wp:attachment":[{"href":"https:\/\/www.doublehairnetherlands.com\/tr\/wp-json\/wp\/v2\/media?parent=37"}],"curies":[{"name":"wp","href":"https:\/\/api.w.org\/{rel}","templated":true}]}}